{"id":8414,"date":"2024-10-14T13:15:20","date_gmt":"2024-10-14T13:15:20","guid":{"rendered":"https:\/\/edunetwork.com.tr\/?post_type=product&#038;p=8414"},"modified":"2024-11-05T10:01:01","modified_gmt":"2024-11-05T10:01:01","slug":"iv-international-preschool-education-symposium-2024-only-baku-visit","status":"publish","type":"product","link":"https:\/\/edunetwork.com.tr\/tr\/urun\/iv-international-preschool-education-symposium-2024-only-baku-visit\/","title":{"rendered":"IV. Uluslararas\u0131 Okul \u00d6ncesi E\u011fitim Sempozyumu 2024 \u2013 Sadece Bak\u00fc Ziyareti"},"content":{"rendered":"","protected":false},"excerpt":{"rendered":"<p><strong>OKEVED \u0130leti\u015fim<\/strong><\/p>\n<ul>\n<li>Dilek Aky\u00fcrek : <a href=\"tel: 90 532 213 27 25\">+90 532 213 27 25<\/a><\/li>\n<li>Funda Ak\u00fcrek : <a href=\"tel: 90 505 635 65 02\">+90 505 635 65 02<\/a><\/li>\n<\/ul>\n<p class=\"p1\"><strong>Not<\/strong>: Fiyat \u00e7ift ki\u015filik odada tek ki\u015fi i\u00e7indir, ekstra se\u00e7eneklerden tek ki\u015filik oda se\u00e7ebilir ve \u00e7ocuk yata\u011f\u0131 ekleyebilirsiniz.<\/p>\n<p class=\"p1\">Fiyata neler dahildir:<\/p>\n<ul>\n<li class=\"p1\">2 gece konaklama (29-30 Kas\u0131m)<\/li>\n<li class=\"p1\">Kahvalt\u0131<\/li>\n<li class=\"p1\">\u00d6\u011fle yeme\u011fi<\/li>\n<li class=\"p1\">Gala yeme\u011fi<\/li>\n<li class=\"p1\">Pazar Bak\u00fc turu<\/li>\n<li class=\"p1\">Pazar \u00f6\u011fle yeme\u011fi<\/li>\n<li class=\"p1\">Havaalan\u0131-otel transferleri<\/li>\n<\/ul>\n<p><strong>Fiyatlar 31 Ekim&#039;e kadar ge\u00e7erlidir. Kas\u0131m ay\u0131nda fiyatlar de\u011fi\u015fecektir.<\/strong><\/p>","protected":false},"featured_media":8419,"comment_status":"closed","ping_status":"closed","template":"","meta":{"rank_math_lock_modified_date":false},"product_cat":[15],"product_tag":[],"class_list":{"0":"post-8414","1":"product","2":"type-product","3":"status-publish","4":"has-post-thumbnail","6":"product_cat-uncategorized","7":"wcpa_has_options","9":"first","10":"instock","11":"taxable","12":"shipping-taxable","13":"purchasable","14":"product-type-simple"},"wcpa_form_fields":{"wcpaData":{"product":{"product_price":22550,"price_html":"<span class=\"woocommerce-Price-amount amount\"><bdi><span class=\"woocommerce-Price-currencySymbol\">&#8378;<\/span>22,550.00<\/bdi><\/span> <small class=\"woocommerce-price-suffix\">+KDV<\/small>","original_product_price":22550,"price_including_tax":24805,"price_excluding_tax":22550,"product_id":{"parent":8414,"variation":false},"is_variable":false,"stock_status":"instock","stock_quantity":null,"parent_sku":"","product_attributes":[],"custom_fields":[],"is_taxable":true,"product_name":"IV. International Preschool Education Symposium 2024 \u2013 Only Bak\u00fc Visit"},"fields":{"sec_5670d19608f58e":{"extra":{"key":"sec_5670d19608f58e","section_id":"sec_5670d19608f58e","name":"Default","status":1,"cl_rule":"show","enableCl":false,"relations":[],"toggle":true,"title_tag":"h3","show_title":false,"showPrice":"default","form_id":8413,"form_rules":{"exclude_from_discount":false,"fee_label":"\u041f\u043b\u0430\u0442\u0435\u0436","disp_hide_options_price":false,"disp_show_section_price":false,"disp_show_field_price":true,"layout_option":"standard","pric_use_as_fee":false,"process_fee_as":"woo_fee"},"layout_option":"standard"},"fields":[[{"active":true,"col":6,"relations":false,"cl_rule":"show","enableCl":false,"price":"3800","enablePrice":true,"className":"","label_position":"default","desc_position":"default","type":"checkbox","required":false,"elementId":"checkbox_9670d19608f5cc","label":"I want a single room.","name":"checkbox_9670d19608f5cc","value":"","check_value":"Yes","checkUi":"","error":false,"pricingType":"fixed","gt_translate_keys":["label","value","check_value"],"price_dependency":false,"cl_dependency":false}],[{"label":"Extra Child Bed (4-12 years)","active":true,"required":false,"elementId":"checkbox_9670d19608f5d8","check_value":"Yes","value":"","name":"checkbox_9670d19608f5d8","label_position":"default","desc_position":"default","enablePrice":true,"className":"","enableCl":false,"relations":false,"checkUi":"","pricingType":"fixed","price":"1870","cl_rule":"show","col":6,"type":"checkbox","error":false,"gt_translate_keys":["label","value","check_value"],"price_dependency":false,"cl_dependency":false}],[{"label":"Extra Baby cot (0-4 years)","active":true,"required":false,"elementId":"checkbox_9670d19608f5e3","check_value":"Yes","value":"","name":"checkbox_9670d19608f5e3","label_position":"default","desc_position":"default","enablePrice":false,"className":"","enableCl":false,"relations":false,"checkUi":"","pricingType":"fixed","price":"50","cl_rule":"show","col":6,"type":"checkbox","error":false,"gt_translate_keys":["label","value","check_value"],"price_dependency":false,"cl_dependency":false}]]}},"config":{"price_override":"","enable_recaptcha":false,"bind_quantity":false,"quantity_bind_formula":false,"disp_summ_show_option_price":true,"disp_summ_show_product_price":true,"disp_summ_show_total_price":true,"disp_summ_show_fee":false,"disp_summ_show_discount":false,"summary_title":"","options_total_label":"\u0412\u0430\u0440\u0438\u0430\u043d\u0442\u044b \u0426\u0435\u043d\u0430","total_label":"\u041e\u0431\u0449\u0438\u0439","options_product_label":"\u0426\u0435\u043d\u0430 \u043f\u0440\u043e\u0434\u0443\u043a\u0442\u0430","fee_label":"\u041f\u043b\u0430\u0442\u0435\u0436","discount_label":"\u0421\u043a\u0438\u0434\u043a\u0430","has_price":true,"has_quantity_formula":false},"mc_unit":1,"tax_rate":1,"tax_rate_real":0.1,"discount":{"percentage":0,"fixed":0},"design":{"conf":{"LabelPosition":"above","DescPosition":"above","UploadField":"custom_1","QuantityFieldStyle":"default"},"css":{"LeftLabelWidth":"120px"}},"formulas":[],"clones":false,"cartKey":false}},"_links":{"self":[{"href":"https:\/\/edunetwork.com.tr\/tr\/wp-json\/wp\/v2\/product\/8414","targetHints":{"allow":["GET"]}}],"collection":[{"href":"https:\/\/edunetwork.com.tr\/tr\/wp-json\/wp\/v2\/product"}],"about":[{"href":"https:\/\/edunetwork.com.tr\/tr\/wp-json\/wp\/v2\/types\/product"}],"replies":[{"embeddable":true,"href":"https:\/\/edunetwork.com.tr\/tr\/wp-json\/wp\/v2\/comments?post=8414"}],"wp:featuredmedia":[{"embeddable":true,"href":"https:\/\/edunetwork.com.tr\/tr\/wp-json\/wp\/v2\/media\/8419"}],"wp:attachment":[{"href":"https:\/\/edunetwork.com.tr\/tr\/wp-json\/wp\/v2\/media?parent=8414"}],"wp:term":[{"taxonomy":"product_cat","embeddable":true,"href":"https:\/\/edunetwork.com.tr\/tr\/wp-json\/wp\/v2\/product_cat?post=8414"},{"taxonomy":"product_tag","embeddable":true,"href":"https:\/\/edunetwork.com.tr\/tr\/wp-json\/wp\/v2\/product_tag?post=8414"}],"curies":[{"name":"wp","href":"https:\/\/api.w.org\/{rel}","templated":true}]}}