{"id":8407,"date":"2024-10-14T12:55:47","date_gmt":"2024-10-14T12:55:47","guid":{"rendered":"https:\/\/edunetwork.com.tr\/?post_type=product&#038;p=8407"},"modified":"2024-11-05T09:59:02","modified_gmt":"2024-11-05T09:59:02","slug":"iv-international-preschool-education-symposium-2024-symposium-only","status":"publish","type":"product","link":"https:\/\/edunetwork.com.tr\/tr\/urun\/iv-international-preschool-education-symposium-2024-symposium-only\/","title":{"rendered":"Azerbaycan IV. Uluslararas\u0131 Okul \u00d6ncesi E\u011fitim Sempozyumu 2024 Kat\u0131l\u0131mc\u0131lar\u0131 \u0130\u00e7in \u2013 Sadece Sempozyum"},"content":{"rendered":"","protected":false},"excerpt":{"rendered":"<p><strong>OKEVED \u0130leti\u015fim<\/strong><\/p>\n<ul>\n<li>Dilek Aky\u00fcrek : <a href=\"tel: 90 532 213 27 25\">+90 532 213 27 25<\/a><\/li>\n<li>Funda Ak\u00fcrek : <a href=\"tel: 90 505 635 65 02\">+90 505 635 65 02<\/a><\/li>\n<li>Bu sadece sempozyum \u00fccretidir, otel ve tur \u00fccreti dahil de\u011fildir.<\/li>\n<li>Fiyatlar 31 Ekim&#039;e kadar ge\u00e7erlidir. Kas\u0131m ay\u0131nda fiyatlar de\u011fi\u015fecektir.<\/li>\n<\/ul>","protected":false},"featured_media":8419,"comment_status":"closed","ping_status":"closed","template":"","meta":{"rank_math_lock_modified_date":false},"product_cat":[15],"product_tag":[],"class_list":{"0":"post-8407","1":"product","2":"type-product","3":"status-publish","4":"has-post-thumbnail","6":"product_cat-uncategorized","7":"wcpa_has_options","9":"first","10":"instock","11":"taxable","12":"shipping-taxable","13":"purchasable","14":"product-type-simple"},"wcpa_form_fields":{"wcpaData":{"product":{"product_price":3200,"price_html":"<span class=\"woocommerce-Price-amount amount\"><bdi><span class=\"woocommerce-Price-currencySymbol\">&#8378;<\/span>3,200.00<\/bdi><\/span> <small class=\"woocommerce-price-suffix\">+KDV<\/small>","original_product_price":3200,"price_including_tax":3520,"price_excluding_tax":3200,"product_id":{"parent":8407,"variation":false},"is_variable":false,"stock_status":"instock","stock_quantity":null,"parent_sku":"","product_attributes":[],"custom_fields":[],"is_taxable":true,"product_name":"For Participants from Azerbaijan IV. International Preschool Education Symposium 2024 \u2013 Symposium Only"},"fields":{"sec_10670d164e0e492":{"extra":{"key":"sec_10670d164e0e492","section_id":"sec_10670d164e0e492","name":"Default","status":1,"cl_rule":"show","enableCl":false,"relations":[],"toggle":true,"title_tag":"h3","show_title":false,"showPrice":"default","form_id":8409,"form_rules":{"exclude_from_discount":false,"fee_label":"\u041f\u043b\u0430\u0442\u0435\u0436","disp_hide_options_price":false,"disp_show_section_price":false,"disp_show_field_price":true,"layout_option":"standard","pric_use_as_fee":false,"process_fee_as":"woo_fee"},"layout_option":"standard"},"fields":[[{"active":true,"col":6,"relations":false,"cl_rule":"show","enableCl":false,"price":"1125","enablePrice":true,"className":"","label_position":"default","desc_position":"default","type":"checkbox","required":false,"elementId":"checkbox_9109357531","label":"I also want to attend the evening gala dinner.","name":"checkbox_9109357531","value":"","check_value":"Yes","checkUi":"","error":false,"pricingType":"fixed","gt_translate_keys":["label","value","check_value"],"price_dependency":false,"cl_dependency":false}]]}},"config":{"price_override":"","enable_recaptcha":false,"bind_quantity":false,"quantity_bind_formula":false,"disp_summ_show_option_price":true,"disp_summ_show_product_price":true,"disp_summ_show_total_price":true,"disp_summ_show_fee":false,"disp_summ_show_discount":false,"summary_title":"","options_total_label":"\u0412\u0430\u0440\u0438\u0430\u043d\u0442\u044b \u0426\u0435\u043d\u0430","total_label":"\u041e\u0431\u0449\u0438\u0439","options_product_label":"\u0426\u0435\u043d\u0430 \u043f\u0440\u043e\u0434\u0443\u043a\u0442\u0430","fee_label":"\u041f\u043b\u0430\u0442\u0435\u0436","discount_label":"\u0421\u043a\u0438\u0434\u043a\u0430","has_price":true,"has_quantity_formula":false},"mc_unit":1,"tax_rate":1,"tax_rate_real":0.1,"discount":{"percentage":0,"fixed":0},"design":{"conf":{"LabelPosition":"above","DescPosition":"above","UploadField":"custom_1","QuantityFieldStyle":"default"},"css":{"LeftLabelWidth":"120px"}},"formulas":[],"clones":false,"cartKey":false}},"_links":{"self":[{"href":"https:\/\/edunetwork.com.tr\/tr\/wp-json\/wp\/v2\/product\/8407","targetHints":{"allow":["GET"]}}],"collection":[{"href":"https:\/\/edunetwork.com.tr\/tr\/wp-json\/wp\/v2\/product"}],"about":[{"href":"https:\/\/edunetwork.com.tr\/tr\/wp-json\/wp\/v2\/types\/product"}],"replies":[{"embeddable":true,"href":"https:\/\/edunetwork.com.tr\/tr\/wp-json\/wp\/v2\/comments?post=8407"}],"wp:featuredmedia":[{"embeddable":true,"href":"https:\/\/edunetwork.com.tr\/tr\/wp-json\/wp\/v2\/media\/8419"}],"wp:attachment":[{"href":"https:\/\/edunetwork.com.tr\/tr\/wp-json\/wp\/v2\/media?parent=8407"}],"wp:term":[{"taxonomy":"product_cat","embeddable":true,"href":"https:\/\/edunetwork.com.tr\/tr\/wp-json\/wp\/v2\/product_cat?post=8407"},{"taxonomy":"product_tag","embeddable":true,"href":"https:\/\/edunetwork.com.tr\/tr\/wp-json\/wp\/v2\/product_tag?post=8407"}],"curies":[{"name":"wp","href":"https:\/\/api.w.org\/{rel}","templated":true}]}}