{"id":8455,"date":"2024-10-24T10:27:45","date_gmt":"2024-10-24T10:27:45","guid":{"rendered":"https:\/\/edunetwork.com.tr\/?page_id=8455"},"modified":"2024-10-24T10:29:25","modified_gmt":"2024-10-24T10:29:25","slug":"toy-nardugan","status":"publish","type":"page","link":"https:\/\/edunetwork.com.tr\/ru\/toy-nardugan\/","title":{"rendered":"\u0418\u0413\u0420\u0423\u0428\u041a\u0410 \u041d\u0430\u0440\u0434\u0443\u0433\u0430\u043d"},"content":{"rendered":"<section class=\"wpb-content-wrapper\"><div class=\"vc_row wpb_row vc_row-fluid\"><div class=\"wpb_column vc_column_container vc_col-sm-6\"><div class=\"vc_column-inner\"><div class=\"wpb_wrapper\">\n\t<div class=\"wpb_text_column wpb_content_element\" >\n\t\t<div class=\"wpb_wrapper\">\n\t\t\t<p><strong>\u041c\u041e\u0414\u0415\u041b\u042c T\u00dcRK DEVLETLER\u0130 TE\u015eK\u0130LATI NARDUGAN OTURUMU 21 ARALIK 2024 \u0421\u0422\u0410\u041c\u0411\u0423\u041b \u00abT\u00dcRK Y\u00dcZYILI V\u0130ZYONU\u00bb<\/strong><\/p>\n<p><strong>\u0412\u044b: CA\u011eALO\u011eLU ANADOLU LISES\u0130<\/strong><\/p>\n<p>\u041c\u041e\u0414\u0415\u041b\u042c \u0422\u042e\u0420\u041a \u0414\u0415\u0412\u041b\u0415\u0422\u041b\u0415\u0420\u0418 \u0422\u0415\u0428\u041a\u0418\u041b\u0410\u0422\u0418 \u2013 \u0422\u041e\u0419 (\u0422\u044e\u0440\u043a\u0441\u043a\u0430\u044f \u043e\u0440\u0433\u0430\u043d\u0438\u0437\u0430\u0446\u0438\u044f \u043c\u043e\u043b\u043e\u0434\u0435\u0436\u0438)<\/p>\n<p>\u041d\u0430\u0440\u0434\u0443\u0433\u0430\u043d \u041e\u0442\u0443\u0440\u0443\u043c\u0443 21 \u0430\u043f\u0440\u0435\u043b\u044f 2024 \u0433\u043e\u0434\u0430 \u0432 \u0421\u0442\u0430\u043c\u0431\u0443\u043b\u0435 \u0427\u0430\u0433\u0430\u043b\u043e\u0433\u043b\u0443 \u0410\u043d\u0430\u0434\u043e\u043b\u0443 \u041b\u0438\u0441\u0435\u0441\u0438 \u041c\u0435\u0445\u043c\u0435\u0442 \u0410\u043a\u0438\u0444 \u042d\u0440\u0441\u043e\u0439 \u0421\u0430\u043b\u043e\u043d\u0443\u043d\u0434\u0430 \u00ab\u0422\u044e\u0440\u043a \u042e\u0437\u0438\u0439\u043b\u044b \u0412\u0438\u0437\u0438\u043e\u043d\u0443\u00bb \u0442\u0435\u043c\u0430\u0442\u0438\u0447\u0435\u0441\u043a\u0430\u044f \u0442\u0435\u043c\u0430 ger\u00e7ekle\u015ftirilecektir. Bu kapsamda lise \u00f6\u011frencilerinden olu\u015fan delegasyonlar T\u00fcrk Y\u00fczy\u0131l\u0131 vizyonu cer\u00e7evesinde e\u011fitim i\u015fbirli\u011fi, enerji i\u015fbirli\u011fi, chevre ve ekoloji \u015fbirligi ba\u015fl\u0131klar\u0131nda \u00fclkelerinin n\u0131 tart\u0131\u015facaklar \u0438 T\u00fcrk Y\u00fczy\u0131l\u0131 vizyonuna Farkl\u0131 Bak\u0131\u015f a\u00e7\u0131lar\u0131 getireceklerdir.<\/p>\n<p>8 \u0438 5 \u0434\u0435\u043b\u0435\u0433\u0430\u0442\u043e\u0432 \u043e\u043b\u0443\u0448\u0430\u043d \u043a\u0430\u0442\u044b\u043b\u044b\u043c\u0434\u0436\u0438\u043b\u0430\u0440\u043b\u0430 \u0433\u0435\u0440\u0447\u0435\u043a\u043b\u0435\u0448\u0435\u0447\u0435\u043a \u043e\u043b\u0430\u043d \u041d\u0430\u0440\u0434\u0443\u0433\u0430\u043d \u041e\u0442\u0443\u0440\u0443\u043c\u0443, \u0430 \u0442\u0430\u043a\u0436\u0435 \u0434\u0435\u043b\u0435\u0433\u0430\u0442\u044b \u0438 \u0434\u0435\u043b\u0435\u0433\u0430\u0442\u044b \u0430\u0448\u0430\u0433\u044b\u0434\u0430\u0434\u044b\u0440.<\/p>\n<p><strong>\u00dclkeler:<\/strong><\/p>\n<ul>\n<li>\u0422\u044e\u0440\u043a\u0441\u043a\u0438\u0439 (\u0421\u0435\u0447\u0438\u043b\u0434\u0438.)<\/li>\n<li>\u041a\u0430\u0437\u0430\u0445\u0441\u0442\u0430\u043d<\/li>\n<li>\u0423\u0437\u0431\u0435\u043a\u0438\u0441\u0442\u0430\u043d<\/li>\n<li>\u041a\u0438\u0440\u0433\u0438\u0437\u0438\u044f<\/li>\n<li>\u0410\u0437\u0435\u0440\u0431\u0430\u0439\u0434\u0436\u0430\u043d<\/li>\n<li>\u0422\u0443\u0440\u043a\u043c\u0435\u043d\u0438\u0441\u0442\u0430\u043d<\/li>\n<li>\u041a\u0443\u0437\u0435\u0439 \u041a\u044b\u0431\u0440\u044b\u0441 \u0422\u044e\u0440\u043a \u0414\u0436\u0443\u043c\u0445\u0443\u0440\u0438\u0435\u0442\u0438 (\u0421\u0435\u0447\u0438\u043b\u0434\u0438.)<\/li>\n<li>\u041c\u0430\u043a\u0430\u0440\u0438\u0441\u0442\u0430\u043d<\/li>\n<\/ul>\n<p><strong>\u0414\u0435\u043b\u0435\u0433\u0430\u0442\u044b:<\/strong><\/p>\n<ul>\n<li>\u0414\u0435\u043b\u0435\u0433\u0430\u0446\u0438\u044f \u0411\u0430\u0448\u043a\u0430\u043d\u043b\u0430\u0440\u044b<\/li>\n<li>\u042d\u043a\u043e\u043d\u043e\u043c\u0438\u043a\u0430 \u0130\u015fbirli\u011fi Delegasyonu<\/li>\n<li>\u042d\u0433\u0438\u0442\u0438\u043c \u0418\u0448\u0431\u0438\u0440\u043b\u0438\u0433\u0438 \u0414\u0435\u043b\u0435\u0433\u0430\u0441\u0438\u043e\u043d\u0443<\/li>\n<li>Enerji \u0130\u015fbirli\u011fi \u0414\u0435\u043b\u0435\u0433\u0430\u0441\u0451\u043d\u0443<\/li>\n<li>\u00c7evre ve Ekoloji \u0130\u015fbirli\u011fi Delegasyonu<\/li>\n<\/ul>\n<p><strong>Tercih edilebilecek \u00fclkeler:<\/strong> (\u042e\u043a\u0430\u0440\u0438\u0434\u0430 \u0431\u0435\u043b\u0438\u0440\u0442\u0438\u043b\u043c\u0438\u0448\u0442\u0438\u0440.)<\/p>\n<p><strong>\u0417\u0438\u0440\u0432\u0435 \u041a\u0430\u0442\u044b\u043b\u044b\u043c \u0411\u0435\u0434\u0435\u043b\u0438:<\/strong> 3500 TL + KDV (Kat\u0131l\u0131m iptalinde %10 kesinti uygulan\u0131r.) (Etkinlik ve \u00f6\u011fle yeme\u011fi dahil, otel<\/p>\n<p>\u0432\u0435 \u0439\u043e\u043b \u00fccreti \u0434\u0430\u0445\u0438\u043b \u0434\u0435\u0433\u0438\u043b\u0434\u0438\u0440)<\/p>\n<p><strong>\u0421\u044b\u043d \u0411\u0430\u0448\u0432\u0443\u0440\u0443 \u0442\u0430\u0440\u0438\u0445\u0438:<\/strong> 07 \u0410\u0440\u0430\u043b\u044b\u043a 2024<\/p>\n\n\t\t<\/div>\n\t<\/div>\n<\/div><\/div><\/div><div class=\"wpb_column vc_column_container vc_col-sm-6\"><div class=\"vc_column-inner\"><div class=\"wpb_wrapper\">\n\t<div  class=\"wpb_single_image wpb_content_element vc_align_left\">\n\t\t\n\t\t<figure class=\"wpb_wrapper vc_figure\">\n\t\t\t<div class=\"vc_single_image-wrapper   vc_box_border_grey\"><img loading=\"lazy\" decoding=\"async\" width=\"828\" height=\"1043\" src=\"https:\/\/edunetwork.com.tr\/wp-content\/uploads\/2024\/10\/Model-Turk-Devletleri-TOY-Afis-son-2.jpeg\" class=\"vc_single_image-img attachment-full\" alt=\"\" title=\"\u041c\u043e\u0434\u0435\u043b\u044c \u0422\u044e\u0440\u043a \u0414\u0435\u0432\u043b\u0435\u0442\u043b\u0435\u0440\u0438 TOY Afi\u015f son 2\" srcset=\"https:\/\/edunetwork.com.tr\/wp-content\/uploads\/2024\/10\/Model-Turk-Devletleri-TOY-Afis-son-2.jpeg 828w, https:\/\/edunetwork.com.tr\/wp-content\/uploads\/2024\/10\/Model-Turk-Devletleri-TOY-Afis-son-2-238x300.jpeg 238w, https:\/\/edunetwork.com.tr\/wp-content\/uploads\/2024\/10\/Model-Turk-Devletleri-TOY-Afis-son-2-813x1024.jpeg 813w, https:\/\/edunetwork.com.tr\/wp-content\/uploads\/2024\/10\/Model-Turk-Devletleri-TOY-Afis-son-2-768x967.jpeg 768w, https:\/\/edunetwork.com.tr\/wp-content\/uploads\/2024\/10\/Model-Turk-Devletleri-TOY-Afis-son-2-10x12.jpeg 10w, https:\/\/edunetwork.com.tr\/wp-content\/uploads\/2024\/10\/Model-Turk-Devletleri-TOY-Afis-son-2-800x1008.jpeg 800w\" sizes=\"auto, (max-width: 828px) 100vw, 828px\" \/><\/div>\n\t\t<\/figure>\n\t<\/div>\n<\/div><\/div><\/div><\/div><div class=\"vc_row wpb_row vc_row-fluid vc_custom_1729761961336 vc_row-has-fill vc_row-has-padding-top vc_row-has-padding-left\"><div class=\"wpb_column vc_column_container vc_col-sm-12\"><div class=\"vc_column-inner\"><div class=\"wpb_wrapper\">\n\t<div class=\"wpb_text_column wpb_content_element\" >\n\t\t<div class=\"wpb_wrapper\">\n\t\t\t<p><strong>\u041f\u043e\u0434\u0440\u043e\u0431\u043d\u043e\u0441\u0442\u0438 \u0438 \u043f\u043e\u0434\u0440\u043e\u0431\u043d\u043e\u0441\u0442\u0438:<\/strong> <a href=\"https:\/\/edunetwork.com.tr\/ru\/\">www.edunetwork.com.tr<\/a> | <a href=\"mailto:info@edunetwork.com.tr\">info@edunetwork.com.tr<\/a><\/p>\n<p><strong>\u0411\u0430\u043d\u043a\u043e\u0432\u0441\u043a\u0438\u0439 \u0441\u0447\u0435\u0442:<\/strong> Yap\u0131 ve Kredi Bankas\u0131 A.\u015e.<\/p>\n<p><strong>IBAN:<\/strong> TR310006701000000024611059<\/p>\n<p>\u041e\u041a\u0423\u041b \u042f\u0422\u0418\u0420\u0418\u041c\u0418 \u041a\u0423\u0420\u0423\u041c\u0421\u0410\u041b \u0414\u0410\u041d\u0418\u0428\u041c\u0410\u041d\u041b\u0418\u041a \u042f\u0422\u0418\u0420\u0418\u041c \u0425\u0418\u0417\u041c\u0415\u0422\u041b\u0415\u0420\u0418 \u0421\u0410\u041d\u0410\u0418 \u0422\u0418\u0414\u0416\u0410\u0420\u0415\u0422 \u041b\u0418\u041c\u0418\u0422\u0415\u0414 \u0428\u0418\u0420\u041a\u0415\u0422\u0418<\/p>\n<p>\u0410\u0447\u0438\u043a\u043b\u0430\u043c\u0430 \u0411\u043e\u043b\u044e\u043c\u044e\u043d\u0435; \u201c<strong>Ad Soyad Telefon TOY Kat\u0131l\u0131m \u00dccreti\u201d<\/strong> \u044f\u0437\u044b\u043b\u043c\u0430\u043b\u044b\u0434\u044b\u0440.<\/p>\n\n\t\t<\/div>\n\t<\/div>\n<\/div><\/div><\/div><\/div>\n<\/section>","protected":false},"excerpt":{"rendered":"MODEL T\u00dcRK DEVLETLER\u0130 TE\u015eK\u0130LATI NARDUGAN OTURUMU 21 ARALIK 2024 \u0130STANBUL \u201cT\u00dcRK Y\u00dcZYILI V\u0130ZYONU\u201d Yer: CA\u011eALO\u011eLU [...]","protected":false},"author":1,"featured_media":0,"parent":0,"menu_order":0,"comment_status":"closed","ping_status":"closed","template":"","meta":{"rank_math_lock_modified_date":false,"footnotes":""},"class_list":["post-8455","page","type-page","status-publish","hentry"],"rankMath":{"parentDomain":"edunetwork.com.tr","noFollowDomains":[],"noFollowExcludeDomains":[],"noFollowExternalLinks":false,"featuredImageNotice":"\u041f\u043e\u043a\u0430\u0437\u0430\u043d\u043d\u043e\u0435 \u0438\u0437\u043e\u0431\u0440\u0430\u0436\u0435\u043d\u0438\u0435 \u0434\u043e\u043b\u0436\u043d\u043e \u0431\u044b\u0442\u044c \u0440\u0430\u0437\u043c\u0435\u0440\u043e\u043c \u043d\u0435 \u043c\u0435\u043d\u0435\u0435 200 \u043d\u0430 200 \u043f\u0438\u043a\u0441\u0435\u043b\u0435\u0439, \u0447\u0442\u043e\u0431\u044b \u0435\u0433\u043e \u043c\u043e\u0433\u043b\u0438 \u0443\u0432\u0438\u0434\u0435\u0442\u044c Facebook \u0438 \u0434\u0440\u0443\u0433\u0438\u0435 \u0441\u0430\u0439\u0442\u044b \u0441\u043e\u0446\u0438\u0430\u043b\u044c\u043d\u044b\u0445 \u0441\u0435\u0442\u0435\u0439.","pluginReviewed":false,"postSettings":{"linkSuggestions":true,"useFocusKeyword":false},"frontEndScore":false,"postName":"toy-nardugan","permalinkFormat":"https:\/\/edunetwork.com.tr\/ru\/%pagename%\/","showLockModifiedDate":true,"assessor":{"focusKeywordLink":"https:\/\/edunetwork.com.tr\/wp-admin\/edit.php?focus_keyword=%focus_keyword%&post_type=%post_type%","hasTOCPlugin":false,"primaryTaxonomy":false,"serpData":{"title":"","description":"","focusKeywords":"","pillarContent":false,"canonicalUrl":"","breadcrumbTitle":"","advancedRobots":[],"facebookTitle":"","facebookDescription":"","facebookImage":"","facebookImageID":"","facebookHasOverlay":false,"facebookImageOverlay":"","facebookAuthor":"","twitterCardType":"","twitterUseFacebook":true,"twitterTitle":"","twitterDescription":"","twitterImage":"","twitterImageID":"","twitterHasOverlay":false,"twitterImageOverlay":"","twitterPlayerUrl":"","twitterPlayerSize":"","twitterPlayerStream":"","twitterPlayerStreamCtype":"","twitterAppDescription":"","twitterAppIphoneName":"","twitterAppIphoneID":"","twitterAppIphoneUrl":"","twitterAppIpadName":"","twitterAppIpadID":"","twitterAppIpadUrl":"","twitterAppGoogleplayName":"","twitterAppGoogleplayID":"","twitterAppGoogleplayUrl":"","twitterAppCountry":"","robots":{"index":true},"twitterAuthor":"\u0438\u043c\u044f \u043f\u043e\u043b\u044c\u0437\u043e\u0432\u0430\u0442\u0435\u043b\u044f","primaryTerm":0,"authorName":"edu_network","titleTemplate":"%title% %sep% %sitename%","descriptionTemplate":"%excerpt%","showScoreFrontend":true,"lockModifiedDate":false},"powerWords":[],"diacritics":{"A":"[\\u0410\\u0430]","B":"[\\u0411\\u0431]","V":"[\\u0412\\u0432]","G":"[\\u0413\\u0433]","D":"[\\u0414\\u0434]","YE":"[\\u0415\\u0435]","YO":"[\\u0401\\u0451]","ZH":"[\\u0416\\u0436]","Z":"[\\u0417\\u0437]","EE":"[\\u0418\\u0438]","YI":"[\\u0419\\u0439]","K":"[\\u041A\\u043A]","L":"[\\u041B\\u043B]","M":"[\\u041C\\u043c]","P":"[\\u041F\\u043F]","T":"[\\u0422\\u0442]","U":"[\\u0423\\u0443]","F":"[\\u0424\\u0444]","H":"[\\u0425\\u0445]","TS":"[\\u0426\\u0446]","CH":"[\\u0427\\u0447]","SH":"[\\u0428\\u0448\\u0429\\u0449]","I":"[\\u042B\\u044B]","E":"[\\u042D\\u044D]","YU":"[\\u042E\\u044E]","YA":"[\\u042F\\u044F]","N":"[\\u041D\\u043D]"},"researchesTests":["contentHasTOC","contentHasShortParagraphs","contentHasAssets","keywordInTitle","keywordInMetaDescription","keywordInPermalink","keywordIn10Percent","keywordInContent","keywordInSubheadings","keywordInImageAlt","keywordDensity","keywordNotUsed","lengthContent","lengthPermalink","linksHasInternal","linksHasExternals","linksNotAllExternals","titleStartWithKeyword","titleSentiment","titleHasPowerWords","titleHasNumber","hasContentAI"],"hasRedirection":false,"hasBreadcrumb":false},"homeUrl":"https:\/\/edunetwork.com.tr\/ru","objectID":8455,"objectType":"post","locale":"ru","localeFull":"ru_RU","overlayImages":{"play":{"name":"Play \u0438\u043a\u043e\u043d\u043a\u0430","url":"https:\/\/edunetwork.com.tr\/wp-content\/plugins\/seo-by-rank-math\/assets\/admin\/img\/icon-play.png","path":"\/home\/u610310974\/domains\/edunetwork.com.tr\/public_html\/wp-content\/plugins\/seo-by-rank-math\/assets\/admin\/img\/icon-play.png","position":"middle_center"},"gif":{"name":"GIF \u0438\u043a\u043e\u043d\u043a\u0430","url":"https:\/\/edunetwork.com.tr\/wp-content\/plugins\/seo-by-rank-math\/assets\/admin\/img\/icon-gif.png","path":"\/home\/u610310974\/domains\/edunetwork.com.tr\/public_html\/wp-content\/plugins\/seo-by-rank-math\/assets\/admin\/img\/icon-gif.png","position":"middle_center"}},"defautOgImage":"https:\/\/edunetwork.com.tr\/wp-content\/plugins\/seo-by-rank-math\/assets\/admin\/img\/social-placeholder.jpg","customPermalinks":true,"isUserRegistered":false,"autoSuggestKeywords":false,"connectSiteUrl":"https:\/\/rankmath.com\/auth?site=https%3A%2F%2Fedunetwork.com.tr%2Fru&r=https%3A%2F%2Fedunetwork.com.tr%2Fru%2Fwp-json%2Fwp%2Fv2%2Fpages%2F8455%3Fnonce%3D09397ece05","maxTags":5,"trendsIcon":"<svg viewBox=\"0 0 610 610\"><path d=\"M18.85,446,174.32,290.48l58.08,58.08L76.93,504a14.54,14.54,0,0,1-20.55,0L18.83,466.48a14.54,14.54,0,0,1,0-20.55Z\" style=\"fill:#4285f4\"\/><path d=\"M242.65,242.66,377.59,377.6l-47.75,47.75a14.54,14.54,0,0,1-20.55,0L174.37,290.43l47.75-47.75A14.52,14.52,0,0,1,242.65,242.66Z\" style=\"fill:#ea4335\"\/><polygon points=\"319.53 319.53 479.26 159.8 537.34 217.88 377.61 377.62 319.53 319.53\" style=\"fill:#fabb05\"\/><path d=\"M594.26,262.73V118.61h0a16.94,16.94,0,0,0-16.94-16.94H433.2a16.94,16.94,0,0,0-12,28.92L565.34,274.71h0a16.94,16.94,0,0,0,28.92-12Z\" style=\"fill:#34a853\"\/><rect width=\"610\" height=\"610\" style=\"fill:none\"\/><\/svg>","showScore":true,"siteFavIcon":"https:\/\/edunetwork.com.tr\/wp-content\/uploads\/2023\/09\/cropped-edu-logo-kopyasi-32x32.png","canUser":{"general":false,"advanced":false,"snippet":false,"social":false,"analysis":false,"analytics":false,"content_ai":false},"isPro":false,"is_front_page":false,"trendsUpgradeLink":"https:\/\/rankmath.com\/pricing\/?utm_source=Plugin&utm_medium=CE%20General%20Tab%20Trends&utm_campaign=WP","trendsUpgradeLabel":"\u0410\u043f\u0433\u0440\u0435\u0439\u0434","trendsPreviewImage":"https:\/\/edunetwork.com.tr\/wp-content\/plugins\/seo-by-rank-math\/assets\/admin\/img\/trends-preview.jpg","currentEditor":false,"homepageData":{"assessor":{"powerWords":[],"diacritics":true,"researchesTests":["contentHasTOC","contentHasShortParagraphs","contentHasAssets","keywordInTitle","keywordInMetaDescription","keywordInPermalink","keywordIn10Percent","keywordInContent","keywordInSubheadings","keywordInImageAlt","keywordDensity","keywordNotUsed","lengthContent","lengthPermalink","linksHasInternal","linksHasExternals","linksNotAllExternals","titleStartWithKeyword","titleSentiment","titleHasPowerWords","titleHasNumber","hasContentAI"],"hasBreadcrumb":false,"serpData":{"title":"%sitename% %page% %sep% %sitedesc%","description":"","titleTemplate":"%sitename% %page% %sep% %sitedesc%","descriptionTemplate":"","focusKeywords":"","breadcrumbTitle":"Home","robots":{"index":true},"advancedRobots":[],"facebookTitle":"","facebookDescription":"","facebookImage":"","facebookImageID":""}}},"tocTitle":"Table of Contents","tocExcludeHeadings":[],"listStyle":"ul"},"_links":{"self":[{"href":"https:\/\/edunetwork.com.tr\/ru\/wp-json\/wp\/v2\/pages\/8455","targetHints":{"allow":["GET"]}}],"collection":[{"href":"https:\/\/edunetwork.com.tr\/ru\/wp-json\/wp\/v2\/pages"}],"about":[{"href":"https:\/\/edunetwork.com.tr\/ru\/wp-json\/wp\/v2\/types\/page"}],"author":[{"embeddable":true,"href":"https:\/\/edunetwork.com.tr\/ru\/wp-json\/wp\/v2\/users\/1"}],"replies":[{"embeddable":true,"href":"https:\/\/edunetwork.com.tr\/ru\/wp-json\/wp\/v2\/comments?post=8455"}],"version-history":[{"count":3,"href":"https:\/\/edunetwork.com.tr\/ru\/wp-json\/wp\/v2\/pages\/8455\/revisions"}],"predecessor-version":[{"id":8459,"href":"https:\/\/edunetwork.com.tr\/ru\/wp-json\/wp\/v2\/pages\/8455\/revisions\/8459"}],"wp:attachment":[{"href":"https:\/\/edunetwork.com.tr\/ru\/wp-json\/wp\/v2\/media?parent=8455"}],"curies":[{"name":"wp","href":"https:\/\/api.w.org\/{rel}","templated":true}]}}